{"id":6,"date":"2015-10-21T21:36:07","date_gmt":"2015-10-21T18:36:07","guid":{"rendered":"https:\/\/basbas.fi\/winebar\/?page_id=6"},"modified":"2026-04-24T16:05:10","modified_gmt":"2026-04-24T13:05:10","slug":"baskeri-basso","status":"publish","type":"page","link":"https:\/\/basbas.fi\/studio\/","title":{"rendered":"BasBas Studio"},"content":{"rendered":"","protected":false},"excerpt":{"rendered":"","protected":false},"author":1,"featured_media":0,"parent":0,"menu_order":0,"comment_status":"closed","ping_status":"closed","template":"","meta":{"_acf_changed":false,"footnotes":""},"class_list":["post-6","page","type-page","status-publish","hentry"],"acf":[],"yoast_head":"<!-- This site is optimized with the Yoast SEO plugin v27.5 - https:\/\/yoast.com\/product\/yoast-seo-wordpress\/ -->\n<title>BasBas Studio<\/title>\n<meta name=\"description\" content=\"BasBas Studion ydin on l\u00e4mp\u00f6\u00e4 hehkuva tunnelma. Sit\u00e4 t\u00e4ydent\u00e4\u00e4 oivaltavan simppeli ja himputin herkullinen sesonkiruoka.\" \/>\n<meta name=\"robots\" content=\"index, follow, max-snippet:-1, max-image-preview:large, max-video-preview:-1\" \/>\n<link rel=\"canonical\" href=\"https:\/\/basbas.fi\/studio\/\" \/>\n<meta property=\"og:locale\" content=\"fi_FI\" \/>\n<meta property=\"og:type\" content=\"article\" \/>\n<meta property=\"og:title\" content=\"BasBas Studio\" \/>\n<meta property=\"og:description\" content=\"BasBas Studion ydin on l\u00e4mp\u00f6\u00e4 hehkuva tunnelma. Sit\u00e4 t\u00e4ydent\u00e4\u00e4 oivaltavan simppeli ja himputin herkullinen sesonkiruoka.\" \/>\n<meta property=\"og:url\" content=\"https:\/\/basbas.fi\/studio\/\" \/>\n<meta property=\"og:site_name\" content=\"BasBas Studio\" \/>\n<meta property=\"article:modified_time\" content=\"2026-04-24T13:05:10+00:00\" \/>\n<meta property=\"og:image\" content=\"https:\/\/basbas.fi\/studio\/wp-content\/uploads\/sites\/9\/2023\/10\/1_Aloitus-Basbas_Studio_lightres_wide.jpg\" \/>\n\t<meta property=\"og:image:width\" content=\"1800\" \/>\n\t<meta property=\"og:image:height\" content=\"728\" \/>\n\t<meta property=\"og:image:type\" content=\"image\/jpeg\" \/>\n<meta name=\"twitter:card\" content=\"summary_large_image\" \/>\n<script type=\"application\/ld+json\" class=\"yoast-schema-graph\">{\"@context\":\"https:\\\/\\\/schema.org\",\"@graph\":[{\"@type\":\"WebPage\",\"@id\":\"https:\\\/\\\/basbas.fi\\\/studio\\\/\",\"url\":\"https:\\\/\\\/basbas.fi\\\/studio\\\/\",\"name\":\"BasBas Studio\",\"isPartOf\":{\"@id\":\"https:\\\/\\\/basbas.fi\\\/studio\\\/#website\"},\"datePublished\":\"2015-10-21T18:36:07+00:00\",\"dateModified\":\"2026-04-24T13:05:10+00:00\",\"description\":\"BasBas Studion ydin on l\u00e4mp\u00f6\u00e4 hehkuva tunnelma. Sit\u00e4 t\u00e4ydent\u00e4\u00e4 oivaltavan simppeli ja himputin herkullinen sesonkiruoka.\",\"breadcrumb\":{\"@id\":\"https:\\\/\\\/basbas.fi\\\/studio\\\/#breadcrumb\"},\"inLanguage\":\"fi\",\"potentialAction\":[{\"@type\":\"ReadAction\",\"target\":[\"https:\\\/\\\/basbas.fi\\\/studio\\\/\"]}]},{\"@type\":\"BreadcrumbList\",\"@id\":\"https:\\\/\\\/basbas.fi\\\/studio\\\/#breadcrumb\",\"itemListElement\":[{\"@type\":\"ListItem\",\"position\":1,\"name\":\"Etusivu\",\"item\":\"https:\\\/\\\/basbas.fi\\\/studio\\\/\"},{\"@type\":\"ListItem\",\"position\":2,\"name\":\"BasBas Studio\"}]},{\"@type\":\"WebSite\",\"@id\":\"https:\\\/\\\/basbas.fi\\\/studio\\\/#website\",\"url\":\"https:\\\/\\\/basbas.fi\\\/studio\\\/\",\"name\":\"BasBas Studio\",\"description\":\"\",\"potentialAction\":[{\"@type\":\"SearchAction\",\"target\":{\"@type\":\"EntryPoint\",\"urlTemplate\":\"https:\\\/\\\/basbas.fi\\\/studio\\\/?s={search_term_string}\"},\"query-input\":{\"@type\":\"PropertyValueSpecification\",\"valueRequired\":true,\"valueName\":\"search_term_string\"}}],\"inLanguage\":\"fi\"}]}<\/script>\n<!-- \/ Yoast SEO plugin. -->","yoast_head_json":{"title":"BasBas Studio","description":"BasBas Studion ydin on l\u00e4mp\u00f6\u00e4 hehkuva tunnelma. Sit\u00e4 t\u00e4ydent\u00e4\u00e4 oivaltavan simppeli ja himputin herkullinen sesonkiruoka.","robots":{"index":"index","follow":"follow","max-snippet":"max-snippet:-1","max-image-preview":"max-image-preview:large","max-video-preview":"max-video-preview:-1"},"canonical":"https:\/\/basbas.fi\/studio\/","og_locale":"fi_FI","og_type":"article","og_title":"BasBas Studio","og_description":"BasBas Studion ydin on l\u00e4mp\u00f6\u00e4 hehkuva tunnelma. Sit\u00e4 t\u00e4ydent\u00e4\u00e4 oivaltavan simppeli ja himputin herkullinen sesonkiruoka.","og_url":"https:\/\/basbas.fi\/studio\/","og_site_name":"BasBas Studio","article_modified_time":"2026-04-24T13:05:10+00:00","og_image":[{"width":1800,"height":728,"url":"https:\/\/basbas.fi\/studio\/wp-content\/uploads\/sites\/9\/2023\/10\/1_Aloitus-Basbas_Studio_lightres_wide.jpg","type":"image\/jpeg"}],"twitter_card":"summary_large_image","schema":{"@context":"https:\/\/schema.org","@graph":[{"@type":"WebPage","@id":"https:\/\/basbas.fi\/studio\/","url":"https:\/\/basbas.fi\/studio\/","name":"BasBas Studio","isPartOf":{"@id":"https:\/\/basbas.fi\/studio\/#website"},"datePublished":"2015-10-21T18:36:07+00:00","dateModified":"2026-04-24T13:05:10+00:00","description":"BasBas Studion ydin on l\u00e4mp\u00f6\u00e4 hehkuva tunnelma. Sit\u00e4 t\u00e4ydent\u00e4\u00e4 oivaltavan simppeli ja himputin herkullinen sesonkiruoka.","breadcrumb":{"@id":"https:\/\/basbas.fi\/studio\/#breadcrumb"},"inLanguage":"fi","potentialAction":[{"@type":"ReadAction","target":["https:\/\/basbas.fi\/studio\/"]}]},{"@type":"BreadcrumbList","@id":"https:\/\/basbas.fi\/studio\/#breadcrumb","itemListElement":[{"@type":"ListItem","position":1,"name":"Etusivu","item":"https:\/\/basbas.fi\/studio\/"},{"@type":"ListItem","position":2,"name":"BasBas Studio"}]},{"@type":"WebSite","@id":"https:\/\/basbas.fi\/studio\/#website","url":"https:\/\/basbas.fi\/studio\/","name":"BasBas Studio","description":"","potentialAction":[{"@type":"SearchAction","target":{"@type":"EntryPoint","urlTemplate":"https:\/\/basbas.fi\/studio\/?s={search_term_string}"},"query-input":{"@type":"PropertyValueSpecification","valueRequired":true,"valueName":"search_term_string"}}],"inLanguage":"fi"}]}},"_links":{"self":[{"href":"https:\/\/basbas.fi\/studio\/wp-json\/wp\/v2\/pages\/6","targetHints":{"allow":["GET"]}}],"collection":[{"href":"https:\/\/basbas.fi\/studio\/wp-json\/wp\/v2\/pages"}],"about":[{"href":"https:\/\/basbas.fi\/studio\/wp-json\/wp\/v2\/types\/page"}],"author":[{"embeddable":true,"href":"https:\/\/basbas.fi\/studio\/wp-json\/wp\/v2\/users\/1"}],"replies":[{"embeddable":true,"href":"https:\/\/basbas.fi\/studio\/wp-json\/wp\/v2\/comments?post=6"}],"version-history":[{"count":102,"href":"https:\/\/basbas.fi\/studio\/wp-json\/wp\/v2\/pages\/6\/revisions"}],"predecessor-version":[{"id":1673,"href":"https:\/\/basbas.fi\/studio\/wp-json\/wp\/v2\/pages\/6\/revisions\/1673"}],"wp:attachment":[{"href":"https:\/\/basbas.fi\/studio\/wp-json\/wp\/v2\/media?parent=6"}],"curies":[{"name":"wp","href":"https:\/\/api.w.org\/{rel}","templated":true}]}}